{"id":12,"date":"2025-01-12T10:53:46","date_gmt":"2025-01-12T10:53:46","guid":{"rendered":"https:\/\/prvzn.beeweb-yellow.io\/?page_id=12"},"modified":"2025-01-12T11:20:10","modified_gmt":"2025-01-12T11:20:10","slug":"medlem","status":"publish","type":"page","link":"https:\/\/prvzn.beeweb-yellow.io\/?page_id=12","title":{"rendered":"MEDLEM"},"content":{"rendered":"\n<p>F\u00f6retagen i Gimo \u00e4r m\u00e5nga och olika. Det som f\u00f6renar alla oavsett business \u00e4r Gimo f\u00f6retagarf\u00f6rening. Tillsammans g\u00f6r vi skillnad f\u00f6r v\u00e5r ort. Som medlem \u00e4r du med och bidrar till ett vackrare Gimo. Vill du bli en av oss?<\/p>\n\n\n\n<p>F\u00f6rsta \u00e5ret f\u00e5r du medlemskapet f\u00f6r halva priset. Fyll i formul\u00e4ret nedan och du f\u00e5r \u00e5terkoppling inom 2 dagar! Har du inte h\u00f6rt n\u00e5got fr\u00e5n oss, v\u00e4nligen dubbelkolla skr\u00e4pposten s\u00e5 det inte hamnat fel.<\/p>\n\n\n\n<p>Varmt v\u00e4lkommen!<\/p>\n\n\n\n<p><\/p>\n","protected":false},"excerpt":{"rendered":"<p>F\u00f6retagen i Gimo \u00e4r m\u00e5nga och olika. Det som f\u00f6renar alla oavsett business \u00e4r Gimo f\u00f6retagarf\u00f6rening. Tillsammans g\u00f6r vi skillnad f\u00f6r v\u00e5r ort. Som medlem \u00e4r du med och bidrar till ett vackrare Gimo. Vill du bli en av oss? F\u00f6rsta \u00e5ret f\u00e5r du medlemskapet f\u00f6r halva priset. Fyll i formul\u00e4ret nedan och du f\u00e5r [&hellip;]<\/p>\n","protected":false},"author":1,"featured_media":0,"parent":0,"menu_order":0,"comment_status":"closed","ping_status":"closed","template":"","meta":{"footnotes":""},"class_list":["post-12","page","type-page","status-publish","hentry"],"_links":{"self":[{"href":"https:\/\/prvzn.beeweb-yellow.io\/index.php?rest_route=\/wp\/v2\/pages\/12","targetHints":{"allow":["GET"]}}],"collection":[{"href":"https:\/\/prvzn.beeweb-yellow.io\/index.php?rest_route=\/wp\/v2\/pages"}],"about":[{"href":"https:\/\/prvzn.beeweb-yellow.io\/index.php?rest_route=\/wp\/v2\/types\/page"}],"author":[{"embeddable":true,"href":"https:\/\/prvzn.beeweb-yellow.io\/index.php?rest_route=\/wp\/v2\/users\/1"}],"replies":[{"embeddable":true,"href":"https:\/\/prvzn.beeweb-yellow.io\/index.php?rest_route=%2Fwp%2Fv2%2Fcomments&post=12"}],"version-history":[{"count":3,"href":"https:\/\/prvzn.beeweb-yellow.io\/index.php?rest_route=\/wp\/v2\/pages\/12\/revisions"}],"predecessor-version":[{"id":21,"href":"https:\/\/prvzn.beeweb-yellow.io\/index.php?rest_route=\/wp\/v2\/pages\/12\/revisions\/21"}],"wp:attachment":[{"href":"https:\/\/prvzn.beeweb-yellow.io\/index.php?rest_route=%2Fwp%2Fv2%2Fmedia&parent=12"}],"curies":[{"name":"wp","href":"https:\/\/api.w.org\/{rel}","templated":true}]}}