{"id":18,"date":"2025-01-12T11:18:23","date_gmt":"2025-01-12T11:18:23","guid":{"rendered":"https:\/\/prvzn.beeweb-yellow.io\/?page_id=18"},"modified":"2025-01-12T11:21:16","modified_gmt":"2025-01-12T11:21:16","slug":"foreningen","status":"publish","type":"page","link":"https:\/\/prvzn.beeweb-yellow.io\/?page_id=18","title":{"rendered":"F\u00d6RENINGEN"},"content":{"rendered":"\n<p>Tillsammans g\u00f6r vi Gimo till en finare plats att leva p\u00e5. Vi g\u00f6r skillnad f\u00f6r arbets-, och n\u00f6jesliv! <\/p>\n\n\n\n<p>STYRELSEN<\/p>\n\n\n\n<p>M\u00c5L OCH VISION<\/p>\n\n\n\n<p>DET H\u00c4R KAN DU F\u00c5 HJ\u00c4LP MED<\/p>\n\n\n\n<p>INTEGRITETSPOLICY<\/p>\n\n\n\n<p>DOKUMENT<\/p>\n\n\n\n<p>KALENDER<\/p>\n\n\n\n<p>EVENT<\/p>\n","protected":false},"excerpt":{"rendered":"<p>Tillsammans g\u00f6r vi Gimo till en finare plats att leva p\u00e5. Vi g\u00f6r skillnad f\u00f6r arbets-, och n\u00f6jesliv! STYRELSEN M\u00c5L OCH VISION DET H\u00c4R KAN DU F\u00c5 HJ\u00c4LP MED INTEGRITETSPOLICY DOKUMENT KALENDER EVENT<\/p>\n","protected":false},"author":1,"featured_media":0,"parent":0,"menu_order":0,"comment_status":"closed","ping_status":"closed","template":"","meta":{"footnotes":""},"class_list":["post-18","page","type-page","status-publish","hentry"],"_links":{"self":[{"href":"https:\/\/prvzn.beeweb-yellow.io\/index.php?rest_route=\/wp\/v2\/pages\/18","targetHints":{"allow":["GET"]}}],"collection":[{"href":"https:\/\/prvzn.beeweb-yellow.io\/index.php?rest_route=\/wp\/v2\/pages"}],"about":[{"href":"https:\/\/prvzn.beeweb-yellow.io\/index.php?rest_route=\/wp\/v2\/types\/page"}],"author":[{"embeddable":true,"href":"https:\/\/prvzn.beeweb-yellow.io\/index.php?rest_route=\/wp\/v2\/users\/1"}],"replies":[{"embeddable":true,"href":"https:\/\/prvzn.beeweb-yellow.io\/index.php?rest_route=%2Fwp%2Fv2%2Fcomments&post=18"}],"version-history":[{"count":2,"href":"https:\/\/prvzn.beeweb-yellow.io\/index.php?rest_route=\/wp\/v2\/pages\/18\/revisions"}],"predecessor-version":[{"id":22,"href":"https:\/\/prvzn.beeweb-yellow.io\/index.php?rest_route=\/wp\/v2\/pages\/18\/revisions\/22"}],"wp:attachment":[{"href":"https:\/\/prvzn.beeweb-yellow.io\/index.php?rest_route=%2Fwp%2Fv2%2Fmedia&parent=18"}],"curies":[{"name":"wp","href":"https:\/\/api.w.org\/{rel}","templated":true}]}}