{"id":9,"date":"2025-01-12T10:50:56","date_gmt":"2025-01-12T10:50:56","guid":{"rendered":"https:\/\/prvzn.beeweb-yellow.io\/?page_id=9"},"modified":"2025-01-15T11:37:04","modified_gmt":"2025-01-15T11:37:04","slug":"foretag","status":"publish","type":"page","link":"https:\/\/prvzn.beeweb-yellow.io\/?page_id=9","title":{"rendered":"F\u00d6RETAG"},"content":{"rendered":"\n<p>H\u00e4r hittar du de f\u00f6retag som \u00e4r medlemmar i f\u00f6retagarf\u00f6reningen!<\/p>\n\n\n\n<p>APOTEK<\/p>\n\n\n\n<p>BETONGARBETEN<\/p>\n\n\n\n<p>BILDELAR<\/p>\n\n\n\n<p>BOENDE<\/p>\n\n\n\n<p>BYGG<\/p>\n\n\n\n<p>BYGGHANDEL<\/p>\n\n\n\n<p>CATERING<\/p>\n\n\n\n<p>DETALJHANDEL<\/p>\n\n\n\n<p>ELEKTRIKER<\/p>\n\n\n\n<p>FASTIGHETER<\/p>\n\n\n\n<p>FOTO<\/p>\n\n\n\n<p>FRIS\u00d6R<\/p>\n\n\n\n<p>FRITID<\/p>\n\n\n\n<p>GLASM\u00c4STERI<\/p>\n\n\n\n<p>G\u00c5RDSF\u00d6RS\u00c4LJNING<\/p>\n\n\n\n<p>H\u00c4LSA<\/p>\n\n\n\n<p>kONSULTATIONER<\/p>\n\n\n\n<p>MARK, ANL\u00c4GGNING OCH ENTREPRENAD<\/p>\n\n\n\n<p>MASKINUTHYRNING<\/p>\n\n\n\n<p>MEDIA<\/p>\n\n\n\n<p>M\u00c5LERI<\/p>\n\n\n\n<p>PLATTS\u00c4TTE<\/p>\n\n\n\n<p>PL\u00c5TSLAGERI<\/p>\n\n\n\n<p>REDOVISNINGSBYR\u00c5<\/p>\n\n\n\n<p>BELYSNING<\/p>\n\n\n\n<p>RESTAURANG<\/p>\n\n\n\n<p>SLAKTERI<\/p>\n\n\n\n<p>SKOG OCH LANTBRUK<\/p>\n\n\n\n<p>SPORTANL\u00c4GGNING<\/p>\n\n\n\n<p>ST\u00c4D<\/p>\n\n\n\n<p>SVETS OCH SMIDE<\/p>\n\n\n\n<p>TRANSPORT<\/p>\n\n\n\n<p>TRYCKSAKER<\/p>\n\n\n\n<p>TR\u00c4DG\u00c5RD<\/p>\n\n\n\n<p>TURISM<\/p>\n\n\n\n<p>UTBILDNING<\/p>\n\n\n\n<p>VENTILATION<\/p>\n\n\n\n<p>POST<\/p>\n\n\n\n<p>VETERIN\u00c4R<\/p>\n\n\n\n<p>VVS<\/p>\n\n\n\n<p class=\"has-mono-2-color has-base-background-color has-text-color has-background has-link-color wp-elements-0177b14b92ca815be4edffd1dad175e0\">\u00d6VRIGT<\/p>\n","protected":false},"excerpt":{"rendered":"<p>H\u00e4r hittar du de f\u00f6retag som \u00e4r medlemmar i f\u00f6retagarf\u00f6reningen! APOTEK BETONGARBETEN BILDELAR BOENDE BYGG BYGGHANDEL CATERING DETALJHANDEL ELEKTRIKER FASTIGHETER FOTO FRIS\u00d6R FRITID GLASM\u00c4STERI G\u00c5RDSF\u00d6RS\u00c4LJNING H\u00c4LSA kONSULTATIONER MARK, ANL\u00c4GGNING OCH ENTREPRENAD MASKINUTHYRNING MEDIA M\u00c5LERI PLATTS\u00c4TTE PL\u00c5TSLAGERI REDOVISNINGSBYR\u00c5 BELYSNING RESTAURANG SLAKTERI SKOG OCH LANTBRUK SPORTANL\u00c4GGNING ST\u00c4D SVETS OCH SMIDE TRANSPORT TRYCKSAKER TR\u00c4DG\u00c5RD TURISM UTBILDNING VENTILATION POST [&hellip;]<\/p>\n","protected":false},"author":1,"featured_media":0,"parent":0,"menu_order":0,"comment_status":"closed","ping_status":"closed","template":"","meta":{"footnotes":""},"class_list":["post-9","page","type-page","status-publish","hentry"],"_links":{"self":[{"href":"https:\/\/prvzn.beeweb-yellow.io\/index.php?rest_route=\/wp\/v2\/pages\/9","targetHints":{"allow":["GET"]}}],"collection":[{"href":"https:\/\/prvzn.beeweb-yellow.io\/index.php?rest_route=\/wp\/v2\/pages"}],"about":[{"href":"https:\/\/prvzn.beeweb-yellow.io\/index.php?rest_route=\/wp\/v2\/types\/page"}],"author":[{"embeddable":true,"href":"https:\/\/prvzn.beeweb-yellow.io\/index.php?rest_route=\/wp\/v2\/users\/1"}],"replies":[{"embeddable":true,"href":"https:\/\/prvzn.beeweb-yellow.io\/index.php?rest_route=%2Fwp%2Fv2%2Fcomments&post=9"}],"version-history":[{"count":2,"href":"https:\/\/prvzn.beeweb-yellow.io\/index.php?rest_route=\/wp\/v2\/pages\/9\/revisions"}],"predecessor-version":[{"id":38,"href":"https:\/\/prvzn.beeweb-yellow.io\/index.php?rest_route=\/wp\/v2\/pages\/9\/revisions\/38"}],"wp:attachment":[{"href":"https:\/\/prvzn.beeweb-yellow.io\/index.php?rest_route=%2Fwp%2Fv2%2Fmedia&parent=9"}],"curies":[{"name":"wp","href":"https:\/\/api.w.org\/{rel}","templated":true}]}}